{"id":4549,"date":"2026-04-24T11:57:34","date_gmt":"2026-04-24T09:57:34","guid":{"rendered":"https:\/\/www.evolium.ch\/?page_id=4549"},"modified":"2026-04-24T11:57:34","modified_gmt":"2026-04-24T09:57:34","slug":"our-products-3","status":"publish","type":"page","link":"https:\/\/www.evolium.ch\/en\/our-products-3\/","title":{"rendered":"Our products"},"content":{"rendered":"<p>[et_pb_section fb_built=&#8221;1&#8243; admin_label=&#8221;Header&#8221; _builder_version=&#8221;4.27.4&#8243; background_color=&#8221;#FFFFFF&#8221; custom_margin=&#8221;|||||&#8221; custom_padding=&#8221;||0px|||&#8221; use_background_color_gradient_tablet=&#8221;on&#8221; background_color_gradient_stops_tablet=&#8221;#f7f7f7 100%|#ffffff 100%&#8221; background_color_gradient_start_position_tablet=&#8221;100%&#8221; da_disable_devices=&#8221;off|off|off&#8221; locked=&#8221;off&#8221; global_colors_info=&#8221;{}&#8221; da_is_popup=&#8221;off&#8221; da_exit_intent=&#8221;off&#8221; da_has_close=&#8221;on&#8221; da_alt_close=&#8221;off&#8221; da_dark_close=&#8221;off&#8221; da_not_modal=&#8221;on&#8221; da_is_singular=&#8221;off&#8221; da_with_loader=&#8221;off&#8221; da_has_shadow=&#8221;on&#8221;][et_pb_row column_structure=&#8221;1_2,1_2&#8243; custom_padding_last_edited=&#8221;on|phone&#8221; padding_left_right_link_1=&#8221;false&#8221; _builder_version=&#8221;4.16&#8243; background_image=&#8221;https:\/\/www.evolium.ch\/wp-content\/uploads\/2025\/11\/green-energy-20.png&#8221; background_size=&#8221;initial&#8221; background_position=&#8221;top_left&#8221; custom_padding=&#8221;|||20px&#8221; custom_padding_tablet=&#8221;&#8221; custom_padding_phone=&#8221;|||0px&#8221; global_colors_info=&#8221;{}&#8221;][et_pb_column type=&#8221;1_2&#8243; _builder_version=&#8221;4.16&#8243; background_repeat=&#8221;repeat&#8221; custom_padding=&#8221;|20px||&#8221; custom_padding_tablet=&#8221;|0px||&#8221; custom_padding_phone=&#8221;|0px||&#8221; custom_padding_last_edited=&#8221;on|tablet&#8221; global_colors_info=&#8221;{}&#8221; custom_padding__hover=&#8221;|||&#8221;][et_pb_text _builder_version=&#8221;4.16&#8243; text_font=&#8221;||||||||&#8221; text_font_size=&#8221;20px&#8221; text_line_height=&#8221;1.8em&#8221; header_font=&#8221;Bitter||||||||&#8221; header_font_size=&#8221;60px&#8221; header_line_height=&#8221;1.3em&#8221; custom_margin=&#8221;||60px&#8221; custom_padding=&#8221;||0px|||&#8221; text_font_size_tablet=&#8221;&#8221; text_font_size_phone=&#8221;14px&#8221; text_font_size_last_edited=&#8221;on|desktop&#8221; header_font_size_tablet=&#8221;50px&#8221; header_font_size_phone=&#8221;30px&#8221; header_font_size_last_edited=&#8221;on|phone&#8221; global_colors_info=&#8221;{}&#8221;]<\/p>\n<h1><span style=\"color: #117aff;\">Lifetime capacity guarantee?<\/span><\/h1>\n<h1>Here is what you need to know<\/h1>\n<p>The subscription guarantees continuous battery service at maximum capacity at all times. We monitor the health of your battery remotely and send you new modules within a few days. <\/p>\n<p>Maintenance is child&#8217;s play! We&#8217;ve designed our battery to be as repairable as possible. Simply interchange the modules in your battery.  <\/p>\n<p>[\/et_pb_text][et_pb_button button_url=&#8221;https:\/\/www.evolium.ch\/en\/our-products\/#FAQ&#8221; button_text=&#8221;Click here for FAQ and more details&#8221; button_alignment=&#8221;center&#8221; _builder_version=&#8221;4.27.4&#8243; custom_button=&#8221;on&#8221; button_text_size=&#8221;14px&#8221; button_text_color=&#8221;#ffffff&#8221; button_bg_color=&#8221;#A7DB66&#8243; button_border_color=&#8221;rgba(0,0,0,0)&#8221; button_border_radius=&#8221;100px&#8221; button_letter_spacing=&#8221;2px&#8221; button_font=&#8221;Raleway|700||on|||||&#8221; button_icon=&#8221;&#x24;||divi||400&#8243; custom_padding=&#8221;15px|40px|15px|40px|true|true&#8221; global_colors_info=&#8221;{}&#8221;][\/et_pb_button][\/et_pb_column][et_pb_column type=&#8221;1_2&#8243; _builder_version=&#8221;4.16&#8243; custom_padding=&#8221;|||&#8221; global_colors_info=&#8221;{}&#8221; custom_padding__hover=&#8221;|||&#8221;][et_pb_image src=&#8221;https:\/\/www.evolium.ch\/wp-content\/uploads\/2025\/11\/green-energy-14.png&#8221; alt=&#8221;Photo of a second-life modular battery from Evolium&#8221; title_text=&#8221;Battery_3&#8243; _builder_version=&#8221;4.27.4&#8243; use_background_color_gradient=&#8221;on&#8221; background_color_gradient_stops=&#8221;rgba(16,40,65,0) 45%|#102841 100%&#8221; background_color_gradient_overlays_image=&#8221;on&#8221; background_color_gradient_start=&#8221;rgba(16,40,65,0)&#8221; background_color_gradient_start_position=&#8221;45%&#8221; background_color_gradient_end=&#8221;#102841&#8243; background_image=&#8221;https:\/\/www.evolium.ch\/wp-content\/uploads\/2025\/02\/SN1073402-scaled.jpg&#8221; custom_margin=&#8221;-100px|-12vw||&#8221; custom_margin_tablet=&#8221;0px|||&#8221; custom_margin_phone=&#8221;&#8221; custom_margin_last_edited=&#8221;on|tablet&#8221; custom_padding=&#8221;||100%|||&#8221; custom_padding_tablet=&#8221;||40%|&#8221; custom_padding_phone=&#8221;||40%&#8221; custom_padding_last_edited=&#8221;on|tablet&#8221; global_colors_info=&#8221;{}&#8221;][\/et_pb_image][\/et_pb_column][\/et_pb_row][\/et_pb_section][et_pb_section fb_built=&#8221;1&#8243; specialty=&#8221;on&#8221; admin_label=&#8221;Feature&#8221; _builder_version=&#8221;4.27.4&#8243; background_image=&#8221;https:\/\/www.evolium.ch\/wp-content\/uploads\/2025\/11\/green-energy-31.png&#8221; background_size=&#8221;initial&#8221; background_position=&#8221;center_left&#8221; da_disable_devices=&#8221;off|off|off&#8221; locked=&#8221;off&#8221; global_colors_info=&#8221;{}&#8221; da_is_popup=&#8221;off&#8221; da_exit_intent=&#8221;off&#8221; da_has_close=&#8221;on&#8221; da_alt_close=&#8221;off&#8221; da_dark_close=&#8221;off&#8221; da_not_modal=&#8221;on&#8221; da_is_singular=&#8221;off&#8221; da_with_loader=&#8221;off&#8221; da_has_shadow=&#8221;on&#8221;][et_pb_column type=&#8221;2_3&#8243; specialty_columns=&#8221;2&#8243; _builder_version=&#8221;4.16&#8243; custom_padding=&#8221;|||&#8221; global_colors_info=&#8221;{}&#8221; custom_padding__hover=&#8221;|||&#8221;][et_pb_row_inner custom_padding_last_edited=&#8221;on|desktop&#8221; _builder_version=&#8221;4.16&#8243; background_color=&#8221;#ffffff&#8221; min_height=&#8221;388.9px&#8221; custom_margin=&#8221;||49px|||false&#8221; custom_padding=&#8221;56px|48px|68px|48px||true&#8221; custom_padding_tablet=&#8221;&#8221; custom_padding_phone=&#8221;|30px||30px||true&#8221; box_shadow_style=&#8221;preset1&#8243; box_shadow_vertical=&#8221;24px&#8221; box_shadow_blur=&#8221;100px&#8221; box_shadow_spread=&#8221;-30px&#8221; box_shadow_color=&#8221;rgba(0,0,0,0.24)&#8221; global_colors_info=&#8221;{}&#8221;][et_pb_column_inner saved_specialty_column_type=&#8221;2_3&#8243; _builder_version=&#8221;4.16&#8243; custom_padding=&#8221;|||&#8221; global_colors_info=&#8221;{}&#8221; custom_padding__hover=&#8221;|||&#8221;][et_pb_text _builder_version=&#8221;4.16&#8243; text_font=&#8221;||||||||&#8221; text_font_size=&#8221;16px&#8221; text_line_height=&#8221;1.8em&#8221; header_font=&#8221;||||||||&#8221; header_2_font=&#8221;Bitter||||||||&#8221; header_2_font_size=&#8221;42px&#8221; header_2_line_height=&#8221;1.2em&#8221; text_orientation=&#8221;center&#8221; text_font_size_tablet=&#8221;&#8221; text_font_size_phone=&#8221;14px&#8221; text_font_size_last_edited=&#8221;on|desktop&#8221; header_2_font_size_tablet=&#8221;32px&#8221; header_2_font_size_phone=&#8221;26px&#8221; header_2_font_size_last_edited=&#8221;on|phone&#8221; locked=&#8221;off&#8221; global_colors_info=&#8221;{}&#8221;]<\/p>\n<h2>Store today and save for life!<\/h2>\n<p>[\/et_pb_text][et_pb_image src=&#8221;https:\/\/www.evolium.ch\/wp-content\/uploads\/2025\/11\/Gaussienne_Production-Consomation.png&#8221; title_text=&#8221;Gaussian_Production-Consumption&#8221; _builder_version=&#8221;4.27.4&#8243; global_colors_info=&#8221;{}&#8221;][\/et_pb_image][\/et_pb_column_inner][\/et_pb_row_inner][\/et_pb_column][et_pb_column type=&#8221;1_3&#8243; _builder_version=&#8221;4.16&#8243; custom_padding=&#8221;|||&#8221; global_colors_info=&#8221;{}&#8221; custom_padding__hover=&#8221;|||&#8221;][et_pb_text _builder_version=&#8221;4.27.5&#8243; text_font=&#8221;||||||||&#8221; text_font_size=&#8221;16px&#8221; text_line_height=&#8221;1.8em&#8221; header_font=&#8221;||||||||&#8221; header_3_font=&#8221;Bitter||||||||&#8221; header_3_font_size=&#8221;32px&#8221; header_3_line_height=&#8221;1.4em&#8221; custom_margin_tablet=&#8221;0px||&#8221; custom_margin_last_edited=&#8221;off|desktop&#8221; text_font_size_tablet=&#8221;&#8221; text_font_size_phone=&#8221;14px&#8221; text_font_size_last_edited=&#8221;on|desktop&#8221; header_3_font_size_tablet=&#8221;32px&#8221; header_3_font_size_phone=&#8221;26px&#8221; header_3_font_size_last_edited=&#8221;on|phone&#8221; text_text_align=&#8221;left&#8221; locked=&#8221;off&#8221; global_colors_info=&#8221;{}&#8221;]<\/p>\n<h3>The security of an investment<\/h3>\n<p>The capacity guarantee combined with a transparent, attractive price gives you the assurance of low-cost storage over the long term.<\/p>\n<p>Thanks to subscription and guaranteed capacity, costs are plannable and the price of storage constant over the long term.<\/p>\n<p>[\/et_pb_text][et_pb_button button_url=&#8221;@ET-DC@eyJkeW5hbWljIjp0cnVlLCJjb250ZW50IjoicG9zdF9saW5rX3VybF9hdHRhY2htZW50Iiwic2V0dGluZ3MiOnsicG9zdF9pZCI6IjM5NDgifX0=@&#8221; button_text=&#8221;Discover the savings potential&#8221; button_alignment=&#8221;center&#8221; _builder_version=&#8221;4.27.4&#8243; _dynamic_attributes=&#8221;button_url&#8221; custom_button=&#8221;on&#8221; button_text_size=&#8221;14px&#8221; button_text_color=&#8221;#ffffff&#8221; button_bg_color=&#8221;#A7DB66&#8243; button_border_color=&#8221;rgba(0,0,0,0)&#8221; button_border_radius=&#8221;100px&#8221; button_letter_spacing=&#8221;2px&#8221; button_font=&#8221;Raleway|700||on|||||&#8221; button_icon=&#8221;&#x24;||divi||400&#8243; custom_padding=&#8221;15px|40px|15px|40px|true|true&#8221; locked=&#8221;off&#8221; global_colors_info=&#8221;{}&#8221;][\/et_pb_button][\/et_pb_column][\/et_pb_section][et_pb_section fb_built=&#8221;1&#8243; admin_label=&#8221;Feature&#8221; _builder_version=&#8221;4.16&#8243; custom_padding=&#8221;0px|||||&#8221; da_disable_devices=&#8221;off|off|off&#8221; global_colors_info=&#8221;{}&#8221; da_is_popup=&#8221;off&#8221; da_exit_intent=&#8221;off&#8221; da_has_close=&#8221;on&#8221; da_alt_close=&#8221;off&#8221; da_dark_close=&#8221;off&#8221; da_not_modal=&#8221;on&#8221; da_is_singular=&#8221;off&#8221; da_with_loader=&#8221;off&#8221; da_has_shadow=&#8221;on&#8221;][et_pb_row column_structure=&#8221;1_2,1_2&#8243; _builder_version=&#8221;4.16&#8243; custom_padding=&#8221;0px|||||&#8221; global_colors_info=&#8221;{}&#8221;][et_pb_column type=&#8221;1_2&#8243; _builder_version=&#8221;4.16&#8243; custom_padding=&#8221;|||&#8221; global_colors_info=&#8221;{}&#8221; custom_padding__hover=&#8221;|||&#8221;][et_pb_image src=&#8221;https:\/\/www.evolium.ch\/wp-content\/uploads\/2025\/02\/Profil-3.png&#8221; alt=&#8221;3D modeling of an Evolium battery.&#8221; title_text=&#8221;Battery_3D_1&#8243; _builder_version=&#8221;4.27.4&#8243; global_colors_info=&#8221;{}&#8221;][\/et_pb_image][\/et_pb_column][et_pb_column type=&#8221;1_2&#8243; _builder_version=&#8221;4.16&#8243; custom_padding=&#8221;150px|||&#8221; custom_padding_tablet=&#8221;0px|||&#8221; custom_padding_phone=&#8221;0px|||&#8221; custom_padding_last_edited=&#8221;on|tablet&#8221; global_colors_info=&#8221;{}&#8221; custom_padding__hover=&#8221;|||&#8221;][et_pb_accordion open_toggle_text_color=&#8221;#000000&#8243; open_toggle_background_color=&#8221;#FFFFFF&#8221; closed_toggle_background_color=&#8221;#24356A&#8221; icon_color=&#8221;#A7DB66&#8243; _builder_version=&#8221;4.27.4&#8243; _module_preset=&#8221;default&#8221; toggle_text_color=&#8221;#FFFFFF&#8221; body_text_color=&#8221;#000000&#8243; background_color=&#8221;#FFFFFF&#8221; border_width_all=&#8221;2px&#8221; border_color_all=&#8221;#A7DB66&#8243; global_colors_info=&#8221;{}&#8221;][et_pb_accordion_item title=&#8221;Electrical data&#8221; open=&#8221;on&#8221; _builder_version=&#8221;4.27.4&#8243; _module_preset=&#8221;default&#8221; global_colors_info=&#8221;{}&#8221;]<\/p>\n<ul>\n<li>10 kWh capacity<\/li>\n<li>AC 230V output<\/li>\n<li>Power 1.8 kW<\/li>\n<li>Integrated Type B 25A 30mA \/ IEC 62116(2008) anti-islanding circuit breaker<\/li>\n<\/ul>\n<p>[\/et_pb_accordion_item][et_pb_accordion_item title=&#8221;Connections&#8221; _builder_version=&#8221;4.27.4&#8243; _module_preset=&#8221;default&#8221; global_colors_info=&#8221;{}&#8221; open=&#8221;off&#8221;]<\/p>\n<ul>\n<li>T13 plug for power<\/li>\n<li>RJ45 for Internet connection<\/li>\n<li>RJ12 for connection to smartmeter communication port<\/li>\n<\/ul>\n<p>[\/et_pb_accordion_item][et_pb_accordion_item title=&#8221;Mechanical engineering&#8221; _builder_version=&#8221;4.27.4&#8243; _module_preset=&#8221;default&#8221; global_colors_info=&#8221;{}&#8221; open=&#8221;off&#8221;]<\/p>\n<ul>\n<li>570 x 540 x 600 mm<\/li>\n<li>110 kg (bare rack 25kg, individual module 3kg)<\/li>\n<li>Natural cooling (ventilated inverter)<\/li>\n<\/ul>\n<p>[\/et_pb_accordion_item][\/et_pb_accordion][\/et_pb_column][\/et_pb_row][\/et_pb_section][et_pb_section fb_built=&#8221;1&#8243; admin_label=&#8221;Section&#8221; module_id=&#8221;FAQ&#8221; _builder_version=&#8221;4.27.4&#8243; _module_preset=&#8221;default&#8221; da_popup_slug=&#8221;FAQ&#8221; da_disable_devices=&#8221;off|off|off&#8221; global_colors_info=&#8221;{}&#8221; da_is_popup=&#8221;off&#8221; da_exit_intent=&#8221;off&#8221; da_has_close=&#8221;on&#8221; da_alt_close=&#8221;off&#8221; da_dark_close=&#8221;off&#8221; da_not_modal=&#8221;on&#8221; da_is_singular=&#8221;off&#8221; da_with_loader=&#8221;off&#8221; da_has_shadow=&#8221;on&#8221;][et_pb_row _builder_version=&#8221;4.27.4&#8243; _module_preset=&#8221;default&#8221; global_colors_info=&#8221;{}&#8221;][et_pb_column type=&#8221;4_4&#8243; _builder_version=&#8221;4.27.4&#8243; _module_preset=&#8221;default&#8221; global_colors_info=&#8221;{}&#8221;][et_pb_heading title=&#8221;FAQ&#8221; _builder_version=&#8221;4.27.4&#8243; _module_preset=&#8221;f7c780b7-dcd9-4007-9aa4-278e83ce1325&#8243; global_colors_info=&#8221;{}&#8221;][\/et_pb_heading][\/et_pb_column][\/et_pb_row][et_pb_row column_structure=&#8221;1_2,1_2&#8243; _builder_version=&#8221;4.27.4&#8243; _module_preset=&#8221;default&#8221; global_colors_info=&#8221;{}&#8221;][et_pb_column type=&#8221;1_2&#8243; _builder_version=&#8221;4.27.4&#8243; _module_preset=&#8221;default&#8221; global_colors_info=&#8221;{}&#8221;][et_pb_heading title=&#8221;The solution&#8221; _builder_version=&#8221;4.27.5&#8243; _module_preset=&#8221;default&#8221; global_colors_info=&#8221;{}&#8221;][\/et_pb_heading][et_pb_accordion _builder_version=&#8221;4.27.4&#8243; _module_preset=&#8221;default&#8221; global_colors_info=&#8221;{}&#8221;][et_pb_accordion_item title=&#8221;Who is Evolium Technologies?&#8221; open=&#8221;on&#8221; _builder_version=&#8221;4.27.4&#8243; _module_preset=&#8221;default&#8221; global_colors_info=&#8221;{}&#8221;]<\/p>\n<p>Evolium Technologies is a company specializing in the re-use of batteries to transform them into energy storage systems dedicated to renewable energies. We are developing an innovative solution integrating automated disassembly, intelligent sorting and modular assembly of batteries. <\/p>\n<p>Led by Alexandre, Evolium is above all Arnaud, Daniel, Manu, Oriane and Ra\u00efssa.<\/p>\n<p>[\/et_pb_accordion_item][et_pb_accordion_item title=&#8221;How does your recycling and reuse solution work?&#8221; _builder_version=&#8221;4.27.4&#8243; _module_preset=&#8221;default&#8221; global_colors_info=&#8221;{}&#8221; open=&#8221;off&#8221;]<\/p>\n<p>Our technology makes it possible to safely dismantle used batteries, assess their residual capacity using automated tests, and reassemble high-performance cells into new energy storage modules. These second-life batteries offer a sustainable, cost-effective alternative for renewable energy storage. <\/p>\n<p>[\/et_pb_accordion_item][et_pb_accordion_item title=&#8221;Second-life cells: is it really reliable?&#8221; _builder_version=&#8221;4.27.4&#8243; _module_preset=&#8221;default&#8221; global_colors_info=&#8221;{}&#8221; open=&#8221;off&#8221;]<\/p>\n<p>Yes! Our batteries are made from carefully selected and tested cells to guarantee performance and durability. <\/p>\n<ul>\n<li><strong>Rigorous selection<\/strong>: we discard around 30% of the cells tested to guarantee only the best performance.<\/li>\n<li><strong>Advanced technology<\/strong>: Our expertise enables us to assemble homogeneous modules, ensuring their efficiency and stability.<\/li>\n<li><strong>Continuous monitoring<\/strong>: Our batteries are monitored in real time, and we guarantee replacement in the event of a drop in performance.<\/li>\n<li><strong>Performance tailored to solar storage<\/strong>: Second-life cells are perfectly suited to photovoltaic storage needs, avoiding the extraction of new raw materials and preserving these resources for applications such as mobility.<\/li>\n<\/ul>\n<p>[\/et_pb_accordion_item][et_pb_accordion_item title=&#8221;Capacity guarantee: how is it possible?&#8221; _builder_version=&#8221;4.27.4&#8243; _module_preset=&#8221;default&#8221; global_colors_info=&#8221;{}&#8221; open=&#8221;off&#8221;]<\/p>\n<p>We guarantee storage capacity through daily monitoring:<\/p>\n<ul>\n<li><strong>Continuously monitored batteries<\/strong>: you can access your battery&#8217;s performance directly on its monitoring screen.<\/li>\n<li><strong>Secure subscription model<\/strong>: unlike traditional batteries, which degrade without guarantee, our subscription model guarantees you a fixed capacity over time.<\/li>\n<\/ul>\n<p>[\/et_pb_accordion_item][et_pb_accordion_item title=&#8221;How long do your batteries and modules last?&#8221; _builder_version=&#8221;4.27.4&#8243; _module_preset=&#8221;default&#8221; global_colors_info=&#8221;{}&#8221; open=&#8221;off&#8221;]<\/p>\n<p>Our batteries are repairable and therefore capacity-guaranteed for life through a subscription model. They are remotely monitored so we can notify you when a module needs changing. <\/p>\n<p>The lifetime of a module depends on the cells it contains. It is therefore different for each module. Careful selection and sorting of cells means that our modules can last for dozens of months before needing to be replaced.  <\/p>\n<p>[\/et_pb_accordion_item][et_pb_accordion_item title=&#8221;Who is your solution aimed at?&#8221; _builder_version=&#8221;4.27.4&#8243; _module_preset=&#8221;default&#8221; global_colors_info=&#8221;{}&#8221; open=&#8221;off&#8221;]<\/p>\n<p>We work with several types of customers:<\/p>\n<ul>\n<li><strong>Individuals<\/strong>: via our partner installers.<\/li>\n<li><strong>Companies and local authorities<\/strong>: for storage solutions tailored to industrial and commercial needs, contact us directly.<\/li>\n<li><strong>Installers and distributors<\/strong>: if you want to offer your customers a sustainable alternative, contact us. We look forward to offering you a solution for your customers. <\/li>\n<\/ul>\n<p>[\/et_pb_accordion_item][\/et_pb_accordion][\/et_pb_column][et_pb_column type=&#8221;1_2&#8243; _builder_version=&#8221;4.27.4&#8243; _module_preset=&#8221;default&#8221; global_colors_info=&#8221;{}&#8221;][et_pb_heading title=&#8221;The batteries&#8221; _builder_version=&#8221;4.27.5&#8243; _module_preset=&#8221;default&#8221; global_colors_info=&#8221;{}&#8221;][\/et_pb_heading][et_pb_accordion _builder_version=&#8221;4.27.4&#8243; _module_preset=&#8221;default&#8221; global_colors_info=&#8221;{}&#8221;][et_pb_accordion_item title=&#8221;Which photovoltaic installations are your batteries compatible with?&#8221; open=&#8221;off&#8221; _builder_version=&#8221;4.27.4&#8243; _module_preset=&#8221;default&#8221; global_colors_info=&#8221;{}&#8221;]<\/p>\n<p>Our first model has a built-in inverter, so it can be connected to any existing installation, even if your inverter can&#8217;t accommodate a battery.<\/p>\n<p>[\/et_pb_accordion_item][et_pb_accordion_item title=&#8221;Why add a battery to my photovoltaic system? &#8221; _builder_version=&#8221;4.27.4&#8243; _module_preset=&#8221;default&#8221; global_colors_info=&#8221;{}&#8221; open=&#8221;off&#8221;]<\/p>\n<p>Installing a battery optimizes the use of your solar production and reinforces your energy independence.<\/p>\n<ul>\n<li><strong>Optimizing self-consumption<\/strong>: the Evolium battery stores excess solar energy for later use.<\/li>\n<li><strong>Protection against falling feed-in tariffs<\/strong>: The Federal Council has also set a minimum feed-in tariff for photovoltaic electricity fed into the grid, but this tariff is gradually being reduced. This reduces the profitability of electricity resale and reinforces the interest of batteries as a cost-effective solution for maximizing self-consumption. <\/li>\n<li><strong>Reduced dependence on the grid<\/strong>: Electricity prices in Switzerland are now indexed to the European market, with dynamic pricing. In January 2025, the Federal Council confirmed the introduction of dynamic pricing for Swiss consumers, enabling suppliers to bill electricity according to fluctuations in the wholesale market. This measure is intended to encourage more flexible consumption and better integrate renewable energies. However, it means that electricity prices can fluctuate sharply, making battery self-consumption more advantageous to avoid buying electricity at peak times.   <\/li>\n<li><strong>Support for local energy<\/strong>: By storing and consuming your own energy, you can contribute to a sustainable, local energy transition &#8211; and even sell it directly to your neighbors!<\/li>\n<\/ul>\n<p>[\/et_pb_accordion_item][et_pb_accordion_item title=&#8221;Financially speaking, why choose an Evolium battery?&#8221; _builder_version=&#8221;4.27.4&#8243; _module_preset=&#8221;default&#8221; global_colors_info=&#8221;{}&#8221; open=&#8221;off&#8221;]<\/p>\n<p><strong>Reduced initial investment<\/strong>: Our model gives homeowners access to a high-performance solution without a prohibitive purchase price.<\/p>\n<p><strong>Stable, predictable price<\/strong>: With our capacity guarantee at a fixed price, you benefit from controlled storage costs.<\/p>\n<p><strong>Comparison with other batteries<\/strong>: Conventional batteries lose several percent of their capacity per year, increasing the cost of residual storage. In the long term, this can make buying from\/reselling to the grid more attractive than using the battery. <\/p>\n<p>[\/et_pb_accordion_item][et_pb_accordion_item title=&#8221;In the event of a power outage, can the battery continue to operate and supply power to the house?&#8221; _builder_version=&#8221;4.27.4&#8243; _module_preset=&#8221;default&#8221; global_colors_info=&#8221;{}&#8221; open=&#8221;off&#8221;]<\/p>\n<p>Our first model, which has its own inverter, won&#8217;t work in the event of a power cut. We&#8217;re developing a second model, which will connect directly to the existing inverter. In this case, it will depend on the inverter model.  <\/p>\n<p>[\/et_pb_accordion_item][et_pb_accordion_item title=&#8221;New batteries are coming down in price. Should I wait?&#8221; _builder_version=&#8221;4.27.4&#8243; _module_preset=&#8221;default&#8221; global_colors_info=&#8221;{}&#8221; open=&#8221;off&#8221;]<\/p>\n<p>The market is heavily influenced by subsidies. Lower prices for new batteries are mainly due to the massive subsidies granted to foreign manufacturers by their respective governments, making it difficult for Swiss and European companies to compete. Choosing Evolium means making a sustainable and secure choice:  <\/p>\n<ul>\n<li>Store energy today with a solution that guarantees long-term capacity.<\/li>\n<li>Support the local circular economy and encourage Swiss innovation.<\/li>\n<li>Reduce your environmental footprint by giving batteries a second life, while benefiting from a reliable, high-performance solution.<\/li>\n<\/ul>\n<p>[\/et_pb_accordion_item][et_pb_accordion_item title=&#8221;Do you have batteries with a storage capacity greater than 10 kWh?&#8221; _builder_version=&#8221;4.27.4&#8243; _module_preset=&#8221;default&#8221; global_colors_info=&#8221;{}&#8221; open=&#8221;off&#8221;]<\/p>\n<p>For the time being, our first model is only available with a storage capacity of 10 kWh. In the long term, the capacity of the various models will be configurable to best suit your installation. <\/p>\n<p>[\/et_pb_accordion_item][et_pb_accordion_item title=&#8221;Which models are planned next?&#8221; _builder_version=&#8221;4.27.4&#8243; _module_preset=&#8221;default&#8221; global_colors_info=&#8221;{}&#8221; open=&#8221;on&#8221;]<\/p>\n<p>Nous travaillons constamment sur de nouveaux mod\u00e8les afin de suivre les \u00e9volutions du march\u00e9 et proposer des solution performantes pour nos clients. Vous retrouverez les nouveaut\u00e9s sur ce site.\u00a0<\/p>\n<p>[\/et_pb_accordion_item][\/et_pb_accordion][\/et_pb_column][\/et_pb_row][\/et_pb_section]<\/p>\n","protected":false},"excerpt":{"rendered":"<p>Lifetime capacity guarantee? Here is what you need to know The subscription guarantees continuous battery service at maximum capacity at all times. We monitor the health of your battery remotely and send you new modules within a few days. Maintenance is child&#8217;s play! We&#8217;ve designed our battery to be as repairable as possible. Simply interchange [&hellip;]<\/p>\n","protected":false},"author":3,"featured_media":0,"parent":0,"menu_order":0,"comment_status":"closed","ping_status":"closed","template":"","meta":{"_et_pb_use_builder":"on","_et_pb_old_content":"","_et_gb_content_width":"","footnotes":""},"class_list":["post-4549","page","type-page","status-publish","hentry"],"_links":{"self":[{"href":"https:\/\/www.evolium.ch\/en\/wp-json\/wp\/v2\/pages\/4549","targetHints":{"allow":["GET"]}}],"collection":[{"href":"https:\/\/www.evolium.ch\/en\/wp-json\/wp\/v2\/pages"}],"about":[{"href":"https:\/\/www.evolium.ch\/en\/wp-json\/wp\/v2\/types\/page"}],"author":[{"embeddable":true,"href":"https:\/\/www.evolium.ch\/en\/wp-json\/wp\/v2\/users\/3"}],"replies":[{"embeddable":true,"href":"https:\/\/www.evolium.ch\/en\/wp-json\/wp\/v2\/comments?post=4549"}],"version-history":[{"count":2,"href":"https:\/\/www.evolium.ch\/en\/wp-json\/wp\/v2\/pages\/4549\/revisions"}],"predecessor-version":[{"id":4551,"href":"https:\/\/www.evolium.ch\/en\/wp-json\/wp\/v2\/pages\/4549\/revisions\/4551"}],"wp:attachment":[{"href":"https:\/\/www.evolium.ch\/en\/wp-json\/wp\/v2\/media?parent=4549"}],"curies":[{"name":"wp","href":"https:\/\/api.w.org\/{rel}","templated":true}]}}